{"id":194,"date":"2021-01-24T16:04:03","date_gmt":"2021-01-24T16:04:03","guid":{"rendered":"http:\/\/ohrofyll.com\/?page_id=194"},"modified":"2024-03-07T08:34:32","modified_gmt":"2024-03-07T08:34:32","slug":"info-2","status":"publish","type":"page","link":"https:\/\/ohrofyll.com\/?page_id=194","title":{"rendered":"Info"},"content":{"rendered":"<p style=\"text-align: left;\"><span style=\"font-family: Verdana, Geneva; font-size: 10pt; color: #000000;\"><strong>Was \u00e4rgert die Bieftr\u00e4gerin so am Briefkasten, was macht der Rasenm\u00e4hroboter auf dem Kornfeld und warum werden Omas im Alter noch so richtig aktiv? <\/strong><\/span><span style=\"font-family: Verdana, Geneva; font-size: 10pt; color: #000000;\"><strong>T<\/strong><\/span><strong style=\"color: #000000; font-family: Verdana, Geneva; font-size: 10pt;\">ragen Roller zur Mobilit\u00e4tswende bei, wirkt der Doppelwumms wirklich und wie geht&#8217;s dem Kochbuch, das gern ein Krimi sein wollte.<\/strong><\/p>\r\n<p><span style=\"font-size: 10pt;\"><\/span><\/p>\r\n<p class=\"has-white-color has-text-color\"><span style=\"color: #000000; font-size: 10pt;\"><strong><span style=\"font-family: Verdana, Geneva;\">Mit einem Augenzwinkern und pfiffigen Wortspielen pr\u00e4sentieren sie sich als Botschafter des guten Geschmacks, wenn sie zum Beispiel fordern: K\u00fcsst keine B\u00e4nker!<\/span><\/strong><\/span><\/p>\r\n<p><span style=\"font-size: 10pt;\"><strong><span style=\"font-family: Verdana, Geneva;\">\r\n\r\n<\/span><\/strong><\/span><\/p>\r\n<p><span style=\"font-size: 10pt;\"><strong><span style=\"font-family: Verdana, Geneva;\">\r\n\r\n<\/span><\/strong><\/span><\/p>\r\n<p class=\"has-white-color has-text-color\"><span style=\"font-size: 10pt; color: #000000;\"><strong><span style=\"font-family: Verdana, Geneva;\">Ohrofyll k\u00f6nnen ein Lied davon singen und sind um keine Antwort verlegen, denn &#8211; da geht noch was!<\/span><\/strong><\/span><\/p>\r\n<p><span style=\"color: #000000; font-size: 10pt;\">\r\n\r\n\r\n\r\n<\/span><\/p>\r\n<p class=\"has-white-color has-text-color\"><span style=\"color: #000000; font-size: 10pt;\"><strong><span style=\"font-family: Verdana, Geneva;\">Akkordeonspieler G\u00fcnther Kampen hatte kurz mit einem Klavierstudium gelieb\u00e4ugelt, entschied sich dann aber doch f\u00fcr einen \u201enormalen Beruf\u201c und nutzte sein friesisches Heimatinstrument in unterschiedlichen Formationen. <\/span><\/strong><\/span><span style=\"color: #000000; font-size: 10pt;\"><strong><span style=\"font-family: Verdana, Geneva;\">Er jammte in Rockbands, war eine H\u00e4lfte des Braunschweiger Akkordeonduos Schulze &amp; Schulze und spielte TexMex-Music mit Route Corazon aus Celle.<\/span><\/strong><\/span><\/p>\r\n<p><span style=\"color: #000000; font-size: 10pt;\"><strong><span style=\"font-family: Verdana, Geneva;\">\r\n\r\n<\/span><\/strong><\/span><\/p>\r\n<p><span style=\"color: #000000; font-size: 10pt;\"><strong><span style=\"font-family: Verdana, Geneva;\">\r\n\r\n<\/span><\/strong><\/span><\/p>\r\n<p class=\"has-white-color has-text-color\"><span style=\"color: #000000; font-size: 10pt;\"><strong><span style=\"font-family: Verdana, Geneva;\">Jan-Christoph Friedrich lernte als Kind Geige, fand Gitarre aber viel spannender und gr\u00fcndete mit 16 seine erste Band in einer Holsteinischen Kleinstadt. Sp\u00e4ter machte er Folkmusic und Musik-Kabarett in Fu\u00dfg\u00e4ngerzonen, spielte in Rockcombos (dort mit E-Bass) und begleitete zwei Kindermusicals.<\/span><\/strong><\/span><\/p>\r\n<p><span style=\"color: #000000; font-size: 10pt;\"><strong><span style=\"font-family: Verdana, Geneva;\">\r\n\r\n<\/span><\/strong><\/span><\/p>\r\n<p class=\"has-white-color has-text-color\"><span style=\"color: #000000; font-size: 10pt;\"><strong><span style=\"font-family: Verdana, Geneva;\">Mit Rest-Risiko traten beide 29 Jahre als Rockband auf. Mal in Wohnzimmern, mal auf gro\u00dfen B\u00fchnen bei Anti-AKW-Demos.<\/span><\/strong><\/span><\/p>\r\n<p><span style=\"color: #000000; font-size: 10pt;\"><strong><span style=\"font-family: Verdana, Geneva;\">\r\n\r\n<\/span><\/strong><\/span><\/p>\r\n<p class=\"has-white-color has-text-color\"><span style=\"color: #000000; font-size: 10pt;\"><strong><span style=\"font-family: Verdana, Geneva;\">Seit Sommer 2012 sind sie als Ohrofyll mit neuen Songs unterwegs, akustisch und unverzerrt, daf\u00fcr mit umso mehr Witz, Schwung und Gef\u00fchl.<\/span><\/strong><\/span><\/p>\r\n<p><span style=\"color: #000000; font-size: 10pt;\"><strong><span style=\"font-family: Verdana, Geneva;\">\r\n\r\n<\/span><\/strong><\/span><\/p>\r\n<p><img loading=\"lazy\" decoding=\"async\" class=\"alignnone size-full wp-image-602\" src=\"https:\/\/ohrofyll.com\/wp-content\/uploads\/2023\/11\/Zusammenstellung-Info.jpg\" alt=\"\" width=\"1080\" height=\"764\" srcset=\"https:\/\/ohrofyll.com\/wp-content\/uploads\/2023\/11\/Zusammenstellung-Info.jpg 1080w, https:\/\/ohrofyll.com\/wp-content\/uploads\/2023\/11\/Zusammenstellung-Info-300x212.jpg 300w, https:\/\/ohrofyll.com\/wp-content\/uploads\/2023\/11\/Zusammenstellung-Info-1024x724.jpg 1024w, https:\/\/ohrofyll.com\/wp-content\/uploads\/2023\/11\/Zusammenstellung-Info-768x543.jpg 768w\" sizes=\"auto, (max-width: 767px) 89vw, (max-width: 1000px) 54vw, (max-width: 1071px) 543px, 580px\" \/><\/p>\r\n<p><span style=\"font-size: 10pt;\">\r\n\r\n<\/span><\/p>\r\n<p>&nbsp;<\/p>\r\n<p><span style=\"font-size: 10pt;\"><\/span><\/p>","protected":false},"excerpt":{"rendered":"<p>Was \u00e4rgert die Bieftr\u00e4gerin so am Briefkasten, was macht der Rasenm\u00e4hroboter auf dem Kornfeld und warum werden Omas im Alter noch so richtig aktiv? Tragen Roller zur Mobilit\u00e4tswende bei, wirkt der Doppelwumms wirklich und wie geht&#8217;s dem Kochbuch, das gern ein Krimi sein wollte. Mit einem Augenzwinkern und pfiffigen Wortspielen pr\u00e4sentieren sie sich als Botschafter &hellip; <\/p>\n<p class=\"link-more\"><a href=\"https:\/\/ohrofyll.com\/?page_id=194\" class=\"more-link\"><span class=\"screen-reader-text\">\u201eInfo\u201c <\/span>weiterlesen<\/a><\/p>\n","protected":false},"author":1,"featured_media":0,"parent":0,"menu_order":0,"comment_status":"closed","ping_status":"closed","template":"","meta":{"footnotes":""},"class_list":["post-194","page","type-page","status-publish","hentry"],"_links":{"self":[{"href":"https:\/\/ohrofyll.com\/index.php?rest_route=\/wp\/v2\/pages\/194","targetHints":{"allow":["GET"]}}],"collection":[{"href":"https:\/\/ohrofyll.com\/index.php?rest_route=\/wp\/v2\/pages"}],"about":[{"href":"https:\/\/ohrofyll.com\/index.php?rest_route=\/wp\/v2\/types\/page"}],"author":[{"embeddable":true,"href":"https:\/\/ohrofyll.com\/index.php?rest_route=\/wp\/v2\/users\/1"}],"replies":[{"embeddable":true,"href":"https:\/\/ohrofyll.com\/index.php?rest_route=%2Fwp%2Fv2%2Fcomments&post=194"}],"version-history":[{"count":23,"href":"https:\/\/ohrofyll.com\/index.php?rest_route=\/wp\/v2\/pages\/194\/revisions"}],"predecessor-version":[{"id":700,"href":"https:\/\/ohrofyll.com\/index.php?rest_route=\/wp\/v2\/pages\/194\/revisions\/700"}],"wp:attachment":[{"href":"https:\/\/ohrofyll.com\/index.php?rest_route=%2Fwp%2Fv2%2Fmedia&parent=194"}],"curies":[{"name":"wp","href":"https:\/\/api.w.org\/{rel}","templated":true}]}}