{"id":397,"date":"2021-11-03T13:06:10","date_gmt":"2021-11-03T13:06:10","guid":{"rendered":"http:\/\/ohrofyll.com\/?page_id=397"},"modified":"2024-01-29T18:53:27","modified_gmt":"2024-01-29T18:53:27","slug":"fotos-2-0","status":"publish","type":"page","link":"https:\/\/ohrofyll.com\/?page_id=397","title":{"rendered":"Fotos"},"content":{"rendered":"<p><img loading=\"lazy\" decoding=\"async\" class=\"alignnone size-full wp-image-595\" src=\"https:\/\/ohrofyll.com\/wp-content\/uploads\/2023\/11\/Selbsthilfetag-22.jpg\" alt=\"\" width=\"1080\" height=\"599\" srcset=\"https:\/\/ohrofyll.com\/wp-content\/uploads\/2023\/11\/Selbsthilfetag-22.jpg 1080w, https:\/\/ohrofyll.com\/wp-content\/uploads\/2023\/11\/Selbsthilfetag-22-300x166.jpg 300w, https:\/\/ohrofyll.com\/wp-content\/uploads\/2023\/11\/Selbsthilfetag-22-1024x568.jpg 1024w, https:\/\/ohrofyll.com\/wp-content\/uploads\/2023\/11\/Selbsthilfetag-22-768x426.jpg 768w\" sizes=\"auto, (max-width: 767px) 89vw, (max-width: 1000px) 54vw, (max-width: 1071px) 543px, 580px\" \/><\/p>\n<p><strong><span style=\"font-family: Verdana, Geneva; font-size: 10pt;\">Selbsthilfetag 2022 in Braunschweig, Kohlmarkt<\/span><\/strong><\/p>\n<p>&nbsp;<\/p>\n<p><img loading=\"lazy\" decoding=\"async\" class=\"alignnone size-full wp-image-578\" src=\"https:\/\/ohrofyll.com\/wp-content\/uploads\/2023\/11\/Brexit.jpg\" alt=\"\" width=\"1110\" height=\"685\" srcset=\"https:\/\/ohrofyll.com\/wp-content\/uploads\/2023\/11\/Brexit.jpg 1110w, https:\/\/ohrofyll.com\/wp-content\/uploads\/2023\/11\/Brexit-300x185.jpg 300w, https:\/\/ohrofyll.com\/wp-content\/uploads\/2023\/11\/Brexit-1024x632.jpg 1024w, https:\/\/ohrofyll.com\/wp-content\/uploads\/2023\/11\/Brexit-768x474.jpg 768w\" sizes=\"auto, (max-width: 767px) 89vw, (max-width: 1000px) 54vw, (max-width: 1071px) 543px, 580px\" \/><\/p>\n<p><strong><span style=\"font-family: Verdana, Geneva; font-size: 10pt;\">NaturErlebnisZentrum in Hondelage<\/span><\/strong><\/p>\n<p>&nbsp;<\/p>\n<p><img loading=\"lazy\" decoding=\"async\" class=\"alignnone size-full wp-image-587\" src=\"https:\/\/ohrofyll.com\/wp-content\/uploads\/2023\/11\/Kreuzcafe-Einbuergerungstest.jpg\" alt=\"\" width=\"1080\" height=\"542\" srcset=\"https:\/\/ohrofyll.com\/wp-content\/uploads\/2023\/11\/Kreuzcafe-Einbuergerungstest.jpg 1080w, https:\/\/ohrofyll.com\/wp-content\/uploads\/2023\/11\/Kreuzcafe-Einbuergerungstest-300x151.jpg 300w, https:\/\/ohrofyll.com\/wp-content\/uploads\/2023\/11\/Kreuzcafe-Einbuergerungstest-1024x514.jpg 1024w, https:\/\/ohrofyll.com\/wp-content\/uploads\/2023\/11\/Kreuzcafe-Einbuergerungstest-768x385.jpg 768w\" sizes=\"auto, (max-width: 767px) 89vw, (max-width: 1000px) 54vw, (max-width: 1071px) 543px, 580px\" \/><\/p>\n<p><strong><span style=\"font-family: Verdana, Geneva; font-size: 10pt;\">Caf\u00e9 Kreuzgang in Braunschweig<\/span><\/strong><\/p>\n<p>&nbsp;<\/p>\n<p><img loading=\"lazy\" decoding=\"async\" class=\"alignnone size-full wp-image-579\" src=\"https:\/\/ohrofyll.com\/wp-content\/uploads\/2023\/11\/Destedt.jpg\" alt=\"\" width=\"941\" height=\"581\" srcset=\"https:\/\/ohrofyll.com\/wp-content\/uploads\/2023\/11\/Destedt.jpg 941w, https:\/\/ohrofyll.com\/wp-content\/uploads\/2023\/11\/Destedt-300x185.jpg 300w, https:\/\/ohrofyll.com\/wp-content\/uploads\/2023\/11\/Destedt-768x474.jpg 768w\" sizes=\"auto, (max-width: 767px) 89vw, (max-width: 1000px) 54vw, (max-width: 1071px) 543px, 580px\" \/><\/p>\n<p><strong><span style=\"font-size: 8pt;\"><span style=\"font-family: Verdana, Geneva; font-size: 10pt;\">Dorfgemeinschaftshaus in Destedt<\/span><\/span><\/strong><\/p>\n<p>&nbsp;<\/p>\n<p><img loading=\"lazy\" decoding=\"async\" class=\"alignnone size-full wp-image-593\" src=\"https:\/\/ohrofyll.com\/wp-content\/uploads\/2023\/11\/Reinheitsgebot-2.jpg\" alt=\"\" width=\"1080\" height=\"595\" srcset=\"https:\/\/ohrofyll.com\/wp-content\/uploads\/2023\/11\/Reinheitsgebot-2.jpg 1080w, https:\/\/ohrofyll.com\/wp-content\/uploads\/2023\/11\/Reinheitsgebot-2-300x165.jpg 300w, https:\/\/ohrofyll.com\/wp-content\/uploads\/2023\/11\/Reinheitsgebot-2-1024x564.jpg 1024w, https:\/\/ohrofyll.com\/wp-content\/uploads\/2023\/11\/Reinheitsgebot-2-768x423.jpg 768w\" sizes=\"auto, (max-width: 767px) 89vw, (max-width: 1000px) 54vw, (max-width: 1071px) 543px, 580px\" \/><\/p>\n<p><span style=\"font-family: Verdana, Geneva;\"><span style=\"font-size: 13.3333px;\"><b>Duo-Power f\u00fcrs Reinheitsgebot<\/b><\/span><\/span><\/p>\n<p>&nbsp;<\/p>\n<p><img loading=\"lazy\" decoding=\"async\" class=\"alignnone size-full wp-image-598\" src=\"https:\/\/ohrofyll.com\/wp-content\/uploads\/2023\/11\/Speere.jpg\" alt=\"\" width=\"1080\" height=\"734\" srcset=\"https:\/\/ohrofyll.com\/wp-content\/uploads\/2023\/11\/Speere.jpg 1080w, https:\/\/ohrofyll.com\/wp-content\/uploads\/2023\/11\/Speere-300x204.jpg 300w, https:\/\/ohrofyll.com\/wp-content\/uploads\/2023\/11\/Speere-1024x696.jpg 1024w, https:\/\/ohrofyll.com\/wp-content\/uploads\/2023\/11\/Speere-768x522.jpg 768w\" sizes=\"auto, (max-width: 767px) 89vw, (max-width: 1000px) 54vw, (max-width: 1071px) 543px, 580px\" \/><\/p>\n<p><span style=\"font-size: 8pt;\"><strong><span style=\"font-family: Verdana, Geneva; font-size: 10pt;\">Volle Aktion f\u00fcr arch\u00e4ologische Wahrheiten!<\/span><\/strong><\/span><\/p>\n<p>&nbsp;<\/p>\n<p><img loading=\"lazy\" decoding=\"async\" class=\"alignnone size-full wp-image-584\" src=\"https:\/\/ohrofyll.com\/wp-content\/uploads\/2023\/11\/Jan-Kaufbar.jpg\" alt=\"\" width=\"1080\" height=\"720\" srcset=\"https:\/\/ohrofyll.com\/wp-content\/uploads\/2023\/11\/Jan-Kaufbar.jpg 1080w, https:\/\/ohrofyll.com\/wp-content\/uploads\/2023\/11\/Jan-Kaufbar-300x200.jpg 300w, https:\/\/ohrofyll.com\/wp-content\/uploads\/2023\/11\/Jan-Kaufbar-1024x683.jpg 1024w, https:\/\/ohrofyll.com\/wp-content\/uploads\/2023\/11\/Jan-Kaufbar-768x512.jpg 768w\" sizes=\"auto, (max-width: 767px) 89vw, (max-width: 1000px) 54vw, (max-width: 1071px) 543px, 580px\" \/><\/p>\n<p><span style=\"font-size: 8pt;\"><strong><span style=\"font-family: Verdana, Geneva; font-size: 10pt;\">Immer so cool wie es geht &#8211; auch im Alter&#8230;<\/span><\/strong><\/span><\/p>\n<p>&nbsp;<\/p>\n<p><span style=\"font-size: 8pt;\"><strong><span style=\"font-family: Verdana, Geneva; font-size: 10pt;\"><img loading=\"lazy\" decoding=\"async\" class=\"alignnone size-full wp-image-592\" src=\"https:\/\/ohrofyll.com\/wp-content\/uploads\/2023\/11\/Nach-der-Kulturnacht-BS.jpg\" alt=\"\" width=\"1080\" height=\"831\" srcset=\"https:\/\/ohrofyll.com\/wp-content\/uploads\/2023\/11\/Nach-der-Kulturnacht-BS.jpg 1080w, https:\/\/ohrofyll.com\/wp-content\/uploads\/2023\/11\/Nach-der-Kulturnacht-BS-300x231.jpg 300w, https:\/\/ohrofyll.com\/wp-content\/uploads\/2023\/11\/Nach-der-Kulturnacht-BS-1024x788.jpg 1024w, https:\/\/ohrofyll.com\/wp-content\/uploads\/2023\/11\/Nach-der-Kulturnacht-BS-768x591.jpg 768w\" sizes=\"auto, (max-width: 767px) 89vw, (max-width: 1000px) 54vw, (max-width: 1071px) 543px, 580px\" \/><\/span><\/strong><\/span><\/p>\n<p><span style=\"font-size: 8pt;\"><strong><span style=\"font-family: Verdana, Geneva; font-size: 10pt;\">Nach dem Konzert ist vor dem n\u00e4chsten&#8230;<\/span><\/strong><\/span><\/p>\n<p>&nbsp;<\/p>\n<p><img loading=\"lazy\" decoding=\"async\" class=\"alignnone size-full wp-image-585\" src=\"https:\/\/ohrofyll.com\/wp-content\/uploads\/2023\/11\/Jan-mit-Git.jpg\" alt=\"\" width=\"1280\" height=\"1920\" srcset=\"https:\/\/ohrofyll.com\/wp-content\/uploads\/2023\/11\/Jan-mit-Git.jpg 1280w, https:\/\/ohrofyll.com\/wp-content\/uploads\/2023\/11\/Jan-mit-Git-200x300.jpg 200w, https:\/\/ohrofyll.com\/wp-content\/uploads\/2023\/11\/Jan-mit-Git-683x1024.jpg 683w, https:\/\/ohrofyll.com\/wp-content\/uploads\/2023\/11\/Jan-mit-Git-768x1152.jpg 768w, https:\/\/ohrofyll.com\/wp-content\/uploads\/2023\/11\/Jan-mit-Git-1024x1536.jpg 1024w\" sizes=\"auto, (max-width: 767px) 89vw, (max-width: 1000px) 54vw, (max-width: 1071px) 543px, 580px\" \/><\/p>\n<figure class=\"wp-block-media-text__media\"><span style=\"font-size: 8pt;\"><strong style=\"font-family: Verdana, Geneva; font-size: 14pt;\"><span style=\"font-size: 18pt;\">Jan &#8211;<\/span><span style=\"font-size: 18pt;\">\u00a0 \u00a0<\/span><\/strong><\/span><strong><span style=\"font-size: 12pt;\"><span style=\"font-family: Verdana, Geneva;\">Gitarre, Banjo, Blockfl\u00f6te, Ukulele und nat\u00fcrlich <\/span><span style=\"font-family: Verdana, Geneva;\">Gesang!<\/span><\/span><\/strong><\/figure>\n<div class=\"wp-block-media-text__content\">\n<p>&nbsp;<\/p>\n<\/div>\n<p><img loading=\"lazy\" decoding=\"async\" class=\"alignnone size-full wp-image-581\" src=\"https:\/\/ohrofyll.com\/wp-content\/uploads\/2023\/11\/Guenther-Kaufbar.jpg\" alt=\"\" width=\"1080\" height=\"1664\" srcset=\"https:\/\/ohrofyll.com\/wp-content\/uploads\/2023\/11\/Guenther-Kaufbar.jpg 1080w, https:\/\/ohrofyll.com\/wp-content\/uploads\/2023\/11\/Guenther-Kaufbar-195x300.jpg 195w, https:\/\/ohrofyll.com\/wp-content\/uploads\/2023\/11\/Guenther-Kaufbar-665x1024.jpg 665w, https:\/\/ohrofyll.com\/wp-content\/uploads\/2023\/11\/Guenther-Kaufbar-768x1183.jpg 768w, https:\/\/ohrofyll.com\/wp-content\/uploads\/2023\/11\/Guenther-Kaufbar-997x1536.jpg 997w\" sizes=\"auto, (max-width: 767px) 89vw, (max-width: 1000px) 54vw, (max-width: 1071px) 543px, 580px\" \/><\/p>\n<p><span style=\"font-size: 8pt;\"><strong style=\"font-size: 14pt;\"><span style=\"font-size: 18pt;\">G\u00fcnther<\/span><\/strong><span style=\"font-size: 18pt;\"> &#8211;\u00a0<\/span><\/span><strong><span style=\"font-size: 12pt;\">Akkordeon, Blockfl\u00f6te und ebenfalls Gesang<\/span><\/strong><\/p>\n","protected":false},"excerpt":{"rendered":"<p>Selbsthilfetag 2022 in Braunschweig, Kohlmarkt &nbsp; NaturErlebnisZentrum in Hondelage &nbsp; Caf\u00e9 Kreuzgang in Braunschweig &nbsp; Dorfgemeinschaftshaus in Destedt &nbsp; Duo-Power f\u00fcrs Reinheitsgebot &nbsp; Volle Aktion f\u00fcr arch\u00e4ologische Wahrheiten! &nbsp; Immer so cool wie es geht &#8211; auch im Alter&#8230; &nbsp; Nach dem Konzert ist vor dem n\u00e4chsten&#8230; &nbsp; Jan &#8211;\u00a0 \u00a0Gitarre, Banjo, Blockfl\u00f6te, Ukulele und &hellip; <\/p>\n<p class=\"link-more\"><a href=\"https:\/\/ohrofyll.com\/?page_id=397\" class=\"more-link\"><span class=\"screen-reader-text\">\u201eFotos\u201c <\/span>weiterlesen<\/a><\/p>\n","protected":false},"author":1,"featured_media":0,"parent":0,"menu_order":0,"comment_status":"closed","ping_status":"closed","template":"","meta":{"footnotes":""},"class_list":["post-397","page","type-page","status-publish","hentry"],"_links":{"self":[{"href":"https:\/\/ohrofyll.com\/index.php?rest_route=\/wp\/v2\/pages\/397","targetHints":{"allow":["GET"]}}],"collection":[{"href":"https:\/\/ohrofyll.com\/index.php?rest_route=\/wp\/v2\/pages"}],"about":[{"href":"https:\/\/ohrofyll.com\/index.php?rest_route=\/wp\/v2\/types\/page"}],"author":[{"embeddable":true,"href":"https:\/\/ohrofyll.com\/index.php?rest_route=\/wp\/v2\/users\/1"}],"replies":[{"embeddable":true,"href":"https:\/\/ohrofyll.com\/index.php?rest_route=%2Fwp%2Fv2%2Fcomments&post=397"}],"version-history":[{"count":12,"href":"https:\/\/ohrofyll.com\/index.php?rest_route=\/wp\/v2\/pages\/397\/revisions"}],"predecessor-version":[{"id":691,"href":"https:\/\/ohrofyll.com\/index.php?rest_route=\/wp\/v2\/pages\/397\/revisions\/691"}],"wp:attachment":[{"href":"https:\/\/ohrofyll.com\/index.php?rest_route=%2Fwp%2Fv2%2Fmedia&parent=397"}],"curies":[{"name":"wp","href":"https:\/\/api.w.org\/{rel}","templated":true}]}}